{"id":4020,"date":"2017-01-25T01:46:49","date_gmt":"2017-01-25T04:46:49","guid":{"rendered":"http:\/\/www.labensci.com\/publicaciones\/"},"modified":"2022-03-30T01:23:59","modified_gmt":"2022-03-30T04:23:59","slug":"publicaciones","status":"publish","type":"page","link":"https:\/\/www.labensci.com\/en\/publicaciones\/","title":{"rendered":"Publications"},"content":{"rendered":"<p>[vc_row css=&#8221;.vc_custom_1411628498538{margin-top: 15px !important;}&#8221;][vc_column][vc_custom_heading text=&#8221;Papers&#8221; google_fonts=&#8221;font_family:Raleway%3A100%2C200%2C300%2Cregular%2C500%2C600%2C700%2C800%2C900|font_style:400%20regular%3A400%3Anormal&#8221; css=&#8221;.vc_custom_1628467165513{margin-bottom: 20px !important;}&#8221;][vc_column_text]Ram\u00edrez-\u00c1lvarez,\u00a0<strong>Contreras, S.<\/strong>, Vivancos, A., Reid, M., L\u00f3pez-Rodriguez, R., G\u00f3rski, K., (2022) Unpacking the complexity of longitudinal movement patterns of facultative amphidromous fish: implications for population recruitment, Scientific Reports 12, 3164 <a href=\"https:\/\/doi.org\/10.1038\/s41598-022-06936-8\">https:\/\/doi.org\/10.1038\/s41598-022-06936-8<\/a><\/p>\n<p>Cerda-Pe\u00f1a, C.,\u00a0<strong>Contreras, S.<\/strong>, (2022) Characterization and chemo-taxonomic evaluation of plant leaf waxes (long chain n-alkanoic acids, n-alkanes and n-alkanols) as a vegetation biomarker from species of the South American Temperate Forest (STF), Ecological indicators 136, 108675 <a href=\"https:\/\/doi.org\/10.1016\/j.ecolind.2022.108675\">https:\/\/doi.org\/10.1016\/j.ecolind.2022.108675<\/a><\/p>\n<p class=\"x_MsoNormal\"><span lang=\"EN-US\"><strong>Contreras, S.<\/strong>, Landahur, M., Garc\u00eda, K., Latorre, C., Reyers, M., Rethemeyer, J., Jaeschke, A. (2022) Leaf wax composition and distribution of\u00a0<i>Tillandsia landbeckii<\/i>\u00a0reflects moisture gradient across the hyperarid Atacama Desert, Plan Systematics and Evolution (Topical collection: Living at its dry limits \u2013 Tillandsiales in Atacama Desert).<\/span><span lang=\"EN-US\">\u00a0<\/span><span lang=\"EN-US\">Plant Systematics and Evolution 308 (8) <a href=\"https:\/\/doi.org\/10.1007\/s00606-021-01800-0\">https:\/\/doi.org\/10.1007\/s00606-021-01800-0<\/a><\/span><\/p>\n<p class=\"x_MsoNormal\"><span lang=\"EN-US\">V\u00e9quaud, P., Thibault, A., Derenne, S., Anquetil, C, Collin S.,\u00a0<strong>Contreras, S.<\/strong>, Nottingham, A., Sabatier, P., Salinas, N., Werne, J.P., Huguet, A. (2022) FROG: A global machine-learning temperature calibration for branched GDGTs in soils and peats, Geochimica et Cosmochimica Acta 318, 468\u2013494,<\/span><span lang=\"EN-US\">\u00a0<\/span><a href=\"http:\/\/dx.doi.org\/10.1016\/j.gca.2021.12.007\"><span lang=\"ES-TRAD\"><span lang=\"EN-US\">http:\/\/dx.doi.org\/10.1016\/j.gca.2021.12.007<\/span><\/span><\/a><\/p>\n<p align=\"left\">P\u00e9rez-Santos, I., D\u00edaz, P.A., Silva, N., Garreaud, R., Montero, P., Henr\u00edquez-Castillo, C., Barrera, F., Linford, P., Amaya, C.,\u00a0<strong>Contreras, S.<\/strong>, Aracena, C., Pinilla, E., Altamirano, R., Vallejos, L., Pavez, J., Maulen, J. (2021) Oceanography time series reveals annual asynchrony input between oceanic and estuarine waters in Patagonian fjords, Science of the Total Environment 798, 149241 <a href=\"https:\/\/doi.org\/10.1016\/j.scitotenv.2021.149241\">https:\/\/doi.org\/10.1016\/j.scitotenv.2021.149241<\/a><\/p>\n<p align=\"left\"><span lang=\"EN-US\">V\u00e9quaud, P., Derenne, S., Thibault, A., Anquetil, C, Bonanomi, G., Collin S.,\u00a0<b>Contreras, S.<\/b>, Nottingham, A., Sabatier, P., Salinas, N., Scott, W.P., Werne, J.P., Huguet, A. (2021) Development of global temperature and pH calibrations based on bacterial 3-hydroxy fatty acids in soils. Biogeosciences Discuss. 18 (12), 3937-3959.<a href=\"http:\/\/doi.org\/10.5194\/bg-18-3937-2021\"> doi.org\/10.5194\/bg-18-3937-2021<\/a><\/span><\/p>\n<p align=\"left\"><span lang=\"EN-US\">Wesley P. S.,\u00a0<strong>Contreras, S.<\/strong>, Bowen, G.J., Arnold, T.E., Bustamante-Ortega, R., Werne, J.P. (2021) Lake water based isoscape in central-south Chile reflects meteoric water, Scientific Reports 11 (875), <a href=\"http:\/\/doi.org\/10.1038\/s41598-021-87566-4\">doi.org\/10.1038\/s41598-021-87566-4<\/a><\/span><\/p>\n<p style=\"font-weight: 400;\">Ruiz-Ruiz, P.A.,\u00a0<strong>Contreras, S.<\/strong>, Urz\u00faa, A., Quiroga, E., Rebolledo, L. (2021) Fatty acid biomarkers in three species inhabiting a high latitude Patagonian fjord (Yendegaia Fjord, Chile). Polar Biology. <a href=\"https:\/\/doi.org\/10.1007\/s00300-020-02788-y\" data-saferedirecturl=\"https:\/\/www.google.com\/url?q=https:\/\/doi.org\/10.1007\/s00300-020-02788-y&amp;source=gmail&amp;ust=1609863013409000&amp;usg=AFQjCNEmMUGlINtqBoLTjIMCH6CbrTPsOg\" data-mt-detrack-inspected=\"true\" data-mt-detrack-attachment-inspected=\"true\">doi.org\/10.1007\/s00300-020-02788-y<\/a><\/p>\n<p style=\"font-weight: 400;\">Ruiz-Ruiz, P.A.,\u00a0<strong>Contreras, S.<\/strong>, Quiroga, E., Urz\u00faa, A. (2021) Bioenergetic traits of three keystone marine species in the food web of a pristine Patagonian fjord. Journal of Sea Research 167: 101984. <a href=\"http:\/\/doi.org\/10.1016\/j.seares.2020.101984\" data-saferedirecturl=\"https:\/\/www.google.com\/url?q=http:\/\/doi.org\/10.1016\/j.seares.2020.101984&amp;source=gmail&amp;ust=1609863013409000&amp;usg=AFQjCNGI-NHtuE8Mbn96FaQxWgBe6Ea2sA\" data-mt-detrack-inspected=\"true\" data-mt-detrack-attachment-inspected=\"true\">doi.org\/10.1016\/j.seares.2020.101984<\/a><\/p>\n<p>Cifuentes G,\u00a0<strong>Contreras S<\/strong>, Cerda-Pe\u00f1a (2020) Evaluation of the Foliar Damage That Threatens a Millennial-Age Tree, <em>Araucaria araucana<\/em> (Molina) K. Koch, Using Leaf Waxes. Forests 11(1): 59. doi: <a href=\"http:\/\/doi.org\/10.3390\/f11010059\">10.3390\/f11010059<\/a><\/p>\n<p>Placencia, J.A., <strong>Contreras, S.<\/strong> (2018) Organochlorine pesticides in surface waters from Reloncav\u00ed Fjord and the inner sea of Chilo\u00e9 (~39.5\u00b0S &#8211; 43\u00b0S), Chilean Patagonia. Marine Pollution Bulletin 126: 389-395. doi: <a href=\"http:\/\/doi.org\/10.1016\/j.marpolbul.2017.11.053\">10.1016\/j.marpolbul.2017.11.053<\/a><\/p>\n<p><strong>Contreras, S.<\/strong>, Werne, J.P., Araneda, A. , Urrutia, R., Conejero, C.A. (2018), Organic matter geochemical signatures (TOC, TN, C\/N ratio, \u03b413C and \u03b415N) of surface sediment from lakes distributed along a climatological gradient on the western side of the southern Andes. Science of the Total Environment 630C: 878-888. doi: <a href=\"http:\/\/doi.org\/10.1016\/j.scitotenv.2018.02.225\">10.1016\/j.scitotenv.2018.02.225<\/a><\/p>\n<p>T. C. Johnson, Werne, J.P., Brown, E.T., Abbott, A., Berke, M., Steinman, B.A., Halbur, J.,<strong> Contreras, S.<\/strong>, Grosshuesch, S., Sinninghe Damst\u00e9, J.S. (2016) <em>A progressively wetter climate in southern East Africa over the past 1.3 million years<\/em>. Nature 537: 220-224. doi: <a href=\"https:\/\/doi.org\/10.1038\/nature19065\">10.1038\/nature19065<\/a><\/p>\n<p><strong>Contreras, S.,<\/strong> Werne, J.P., Brown, E.T., Anderson, R.S., Fawcett, P.J. (2016), A molecular isotope record of climate variability and vegetation response in southwestern North America during mid-Pleistocene glacial\/interglacial cycles. <i>Palaeogeography, Palaeoclimatology, Palaeoecology<\/i> 459, 338\u2013347. doi: <a href=\"https:\/\/doi.org\/10.1016\/j.palaeo.2016.07.019\">10.1016\/j.palaeo.2016.07.019<\/a><\/p>\n<p>Pozo K, Kuku\u010dka P, Va\u0148kov\u00e1 L, P\u0159ibylov\u00e1 P, Kl\u00e1nov\u00e1 P, Rudolph A, Banguera Y, Monsalves J, <strong>Contreras S<\/strong>, Barra R, Ahumada R (2015) Polybrominated Diphenyl Ethers (PBDEs) in Concepci\u00f3n Bay, central Chile after the 2010 Tsunami. Marine Pollution Bulletin 95(1): 480\u2013483. doi: <a href=\"https:\/\/doi.org\/10.1016\/j.marpolbul.2015.03.011\">10.1016\/j.marpolbul.2015.03.011<\/a><\/p>\n<p>Brunner B, <strong>Contreras S<\/strong>, Lehmann MF, Matantseva O, Rollog M, Kalvelage T, Klockgether G, Lavik G, Jetten MSM, Kartal B, Kuypers MMM (2013) Nitrogen isotope effects induced by anammox bacteria. Proceedings of the National Academy of Sciences 110(47): 18994-18999. doi: <a href=\"https:\/\/doi.org\/10.1073\/pnas.1310488110\">10.1073\/pnas.1310488110<\/a><\/p>\n<p><strong>Contreras S<\/strong>, Meister P, Liu B, Prieto-Mollar X, Hinrichs K, Khalili A, Ferdelman TG, Kuypers MMM, J\u00f8rgensen BB (2013) Cyclic 100 ka (glacial-interglacial) migration of sub-seafloor redox zonation on the Peruvian shelf. Proceedings of the National Academy of Sciences 110(45): 18098\u201318103. doi: <a href=\"https:\/\/doi.org\/10.1073\/pnas.1305981110\">10.1073\/pnas.1305981110<\/a><\/p>\n<p>Schunck H, Lavik G, Desai DK, Gro\u00dfkopf T, Kalvelage T, Loescher C, <strong>Contreras S<\/strong>, Paulmier A, Mu\u00dfman M, Holtappels M, Rosenstiel P, Schillhabel M, Graco M, Siegel H, Schmitz RA., Kuypers MMM, LaRoche J (2013) Giant sulfidic plume in the Oxygen Minimum Zone off Peru supports chemolithoautotrophy. PLoS ONE 8(8): e68661. doi: <a href=\"https:\/\/doi.org\/10.1371\/journal.pone.0068661\">10.1371\/journal.pone.0068661<\/a><\/p>\n<p>Galbraith E, Kienast M, Robinson RS, Albuquerque L, Altabet M, Batista F, Bianchi D., Calvert D, <strong>Contreras S<\/strong>, Crosta X, De Pol Holz R, Dubois N, Etourneau J, Francois R, Hsu T-Ch, Ivanochko T, Jaccard S, Kao S-J, Kiefer T, Kienast S, Lehmann MF, Martinez P, McCarthy, Meckler AM, Mix A, M\u00f6bius J, Pedersen T, Pichevin L, Quan TM, Robinson R, Ryabenko E, Schmittner A, Schneider R, Schneider-Mor A, Shigemitsu M, Sinclair D, Somes C, Studer A, Tesdal J-E, Thunell R, Yang J-Y (2013) The acceleration of oceanic denitrification during deglacial warming. Nature Geoscience 6: 579\u2013584. doi: <a href=\"https:\/\/doi.org\/10.1038\/NGEO1832\">10.1038\/NGEO1832<\/a><\/p>\n<p>Kalvelage T, Lavik G, <strong>Contreras S<\/strong>, Arteaga L, Lam P, L\u00f6scher C, Oschlies A, Paulmier A, Stramma L, Kuypers MMM (2013) Nitrogen cycling driven by organic matter in the South Pacific oxygen minimum zone. Nature Geoscience 6. doi: <a href=\"https:\/\/doi.org\/10.1038\/NGEO1739\">10.1038\/NGEO1739<\/a><\/p>\n<p>Robinson RS, Kienast M, Albuquerque L, Altabet M, <strong>Contreras S<\/strong>, De Pol Holz R, Dubois N, Francois R, Galbraith E, Hsu T-Ch, Ivanochko T, Jaccard S, Kao S-J, Kiefer T, Lehmann MF, Martinez P, McCarthy M, M\u00f6bius J, Pedersen T, Quan TM, Ryabenko E, Schmittner A, Schneider R, Schneider-Mor A, Shigemitsu M, Sinclair D, Somes C, Studer A, Thunell R, Yang J-Y (2012) A review of nitrogen isotopic alteration in marine sediments, Paleoceanography 27: PA4203. doi: <a href=\"https:\/\/doi.org\/10.1029\/2012PA002321\">10.1029\/2012PA002321<\/a>.\u00a0*<\/p>\n<p>Kalvelage T, Jensen M, <strong>Contreras S<\/strong>, Revsbech NP, Lam P, G\u00fcnter M, LaRoche J, Lavik G, Kuypers MMM (2011) Oxygen sensitive of anammox and coupled N-cycle processes in Oxygen Minimum Zones. PLoS One 6(12): e29299, doi: <a href=\"https:\/\/doi.org\/10.1371\/journal.pone.0029299\">10.1371\/journal.pone.0029299<\/a>.\u00a0*<\/p>\n<p><strong>Contreras S<\/strong>, Lange CB, Pantoja S, Lavik G, Rinc\u00f3n-Mart\u00ednez D, Kuypers MMM (2010) A rainy northern Atacama Desert during the last interglacial. Geophysical Research Letters 37: L23612. doi: <a href=\"https:\/\/doi.org\/10.1029\/2010GL045728\">10.1029\/2010GL045728<\/a>.\u00a0*<\/p>\n<p>Rinc\u00f3n-Martinez D, Lamy F, <strong>Contreras S<\/strong>, Leduc G, Bard E, Saukel C, Blanz T, Mackensen A, Tiedemann R.(2010) Wetter interglacials in Ecuador during the past 500 kyr and its relation to latitudinal shifts of the Equatorial Front in the eastern tropical Pacific. Paleoceanography 25: PA2210. doi: <a href=\"https:\/\/doi.org\/10.1029\/2009PA001868\">10.1029\/2009PA001868<\/a>.\u00a0*<\/p>\n<p><strong>Contreras S<\/strong>, Pantoja S, Neira C, Lange C (2007) Biogeochemistry of surface sediments off Concepci\u00f3n (~36\u00b0S), Chile: El Ni\u00f1o vs. non-El Ni\u00f1o conditions. Progress in Oceanography 75: 576-585. doi: <a href=\"http:\/\/dx.doi.org\/10.1016\/j.pocean.2007.08.030\">10.1016\/j.pocean.2007.08.030<\/a>*<\/p>\n<p>Sep\u00falveda J, Pantoja S, Hughen K, Lange C, Gonzalez F, Mu\u00f1oz P, Rebolledo L, Castro R, <strong>Contreras S<\/strong>, Avila A, Rossel P, Lorca G, Salamanca M, Silva N (2005) Fluctuations in export productivity over the last century from sediments of a southern Chilean fjord (44\u00baS). Estuarine, Coastal and Shelf Science 65(3): 587-600. doi: <a href=\"https:\/\/doi.org\/10.1016\/j.ecss.2005.07.005\">10.1016\/j.ecss.2005.07.005<\/a> *<\/p>\n<p>Ahumada R, Rudolph A, <strong>Contreras S<\/strong> (2003) Evaluation of coastal waters receiving fish processing waste: Lota Bay as a case study. Environmental Monitoring &amp; Assessment 90(1-3): 89-99. doi: <a href=\"https:\/\/doi.org\/10.1023\/B:EMAS.0000003568.37287.ac\">10.1023\/B:EMAS.0000003568.37287.ac<\/a> *<\/p>\n<p>Ahumada R, Rudolph A, <strong>Contreras S<\/strong> (2002) Metal content (Ba, Cd, Co, Cr, Cu, Ni, Pb, Sr, V and Zn) in marine sediments from the Patag\u00f3nica region (52\u00ba-56\u00ba S), Chile. Ciencia y Tecnolog\u00eda del Mar 25(2): 77-86. <a href=\"http:\/\/www.cona.cl\/ctmol2\/vol25-2\/Ahumada\/Ahumada.pdf\">PDF<\/a><\/p>\n<p>Ahumada R, <strong>Contreras S<\/strong> (1999) Metal content (Ba, Cd, Co, Cr, Cu, Ni, Pb, Sr, V y Zn) in fjord and channel sediments adjacent to Campos de Hielo Sur. Ciencia y Tecnolog\u00eda del Mar 22: 47-58.<\/p>\n<p>Hern\u00e1ndez C, <strong>Contreras S<\/strong>, Gallardo J, Cancino J (1998) Communitarian structure of the Macroinfauna a long of the sandy beach in the central Chile: Lenga, San Vicente Bay. Revista Chilena de Historia Natural 71: 303-311. <a href=\"http:\/\/rchn.biologiachile.cl\/pdfs\/1998\/3\/Hernandez_et_al_1998.pdf\">PDF<\/a> *[\/vc_column_text][\/vc_column][\/vc_row][vc_row css=&#8221;.vc_custom_1411628488643{margin-top: 15px !important;}&#8221;][vc_column][vc_custom_heading text=&#8221;Chapters of books&#8221; google_fonts=&#8221;font_family:Raleway%3A100%2C200%2C300%2Cregular%2C500%2C600%2C700%2C800%2C900|font_style:400%20regular%3A400%3Anormal&#8221; css=&#8221;.vc_custom_1490194298014{margin-bottom: 20px !important;}&#8221;][vc_column_text]Pantoja S, Rossel P, <strong>Contreras S<\/strong> (2004) Chapter 22: Procesos Biogeoqu\u00edmicos. In Biolog\u00eda Marina y Oceanograf\u00eda: Conceptos y Procesos. C. Werlinger (Ed.). Gobierno de Chile.[\/vc_column_text][\/vc_column][\/vc_row]<\/p>\n","protected":false},"excerpt":{"rendered":"<p>[vc_row css=&#8221;.vc_custom_1411628498538{margin-top: 15px !important;}&#8221;][vc_column][vc_custom_heading text=&#8221;Papers&#8221; google_fonts=&#8221;font_family:Raleway%3A100%2C200%2C300%2Cregular%2C500%2C600%2C700%2C800%2C900|font_style:400%20regular%3A400%3Anormal&#8221; css=&#8221;.vc_custom_1628467165513{margin-bottom: 20px !important;}&#8221;][vc_column_text]Ram\u00edrez-\u00c1lvarez,\u00a0Contreras, S., Vivancos, A., Reid, M., L\u00f3pez-Rodriguez, R., G\u00f3rski, K., (2022) Unpacking the complexity of longitudinal movement patterns of facultative amphidromous fish: implications for population recruitment, Scientific Reports 12, 3164 https:\/\/doi.org\/10.1038\/s41598-022-06936-8 Cerda-Pe\u00f1a, C.,\u00a0Contreras, S., (2022) Characterization and chemo-taxonomic evaluation of plant leaf waxes (long chain n-alkanoic acids,&hellip;<\/p>\n","protected":false},"author":1,"featured_media":0,"parent":0,"menu_order":0,"comment_status":"closed","ping_status":"open","template":"","meta":[],"_links":{"self":[{"href":"https:\/\/www.labensci.com\/en\/wp-json\/wp\/v2\/pages\/4020"}],"collection":[{"href":"https:\/\/www.labensci.com\/en\/wp-json\/wp\/v2\/pages"}],"about":[{"href":"https:\/\/www.labensci.com\/en\/wp-json\/wp\/v2\/types\/page"}],"author":[{"embeddable":true,"href":"https:\/\/www.labensci.com\/en\/wp-json\/wp\/v2\/users\/1"}],"replies":[{"embeddable":true,"href":"https:\/\/www.labensci.com\/en\/wp-json\/wp\/v2\/comments?post=4020"}],"version-history":[{"count":9,"href":"https:\/\/www.labensci.com\/en\/wp-json\/wp\/v2\/pages\/4020\/revisions"}],"predecessor-version":[{"id":5044,"href":"https:\/\/www.labensci.com\/en\/wp-json\/wp\/v2\/pages\/4020\/revisions\/5044"}],"wp:attachment":[{"href":"https:\/\/www.labensci.com\/en\/wp-json\/wp\/v2\/media?parent=4020"}],"curies":[{"name":"wp","href":"https:\/\/api.w.org\/{rel}","templated":true}]}}