{"id":4176,"date":"2017-11-04T14:15:44","date_gmt":"2017-11-04T17:15:44","guid":{"rendered":"http:\/\/www.labensci.com\/congresos-charlas\/"},"modified":"2018-05-08T02:54:15","modified_gmt":"2018-05-08T05:54:15","slug":"congresses-talks","status":"publish","type":"page","link":"https:\/\/www.labensci.com\/en\/congresses-talks\/","title":{"rendered":"Congresses and talks"},"content":{"rendered":"<p>[vc_row css=&#8221;.vc_custom_1411628498538{margin-top: 15px !important;}&#8221;][vc_column][vc_custom_heading text=&#8221;Congresses<br \/>\n&#8221; google_fonts=&#8221;font_family:Raleway%3A100%2C200%2C300%2Cregular%2C500%2C600%2C700%2C800%2C900|font_style:400%20regular%3A400%3Anormal&#8221; css=&#8221;.vc_custom_1525758611098{margin-bottom: 20px !important;}&#8221;][vc_column_text]<strong>Agosto, 2017<\/strong><\/p>\n<p><strong>Contreras, S.<\/strong>, Werne, J.P., Araneda, A. Distribution of plant wax derived n- alkanes and alkanoic acids from lacustrine sediments and climatology along the western side of the Andes. Goldschmidt, 2017 \u2013 Par\u00eds, Francia.<\/p>\n<p><strong>Mayo, 2017<\/strong><\/p>\n<p>Fuentes, C., Esguerra, D., <strong>Contreras, S.<\/strong>, Pozo, K., Moscoso, J. Composici\u00f3n y Biomasa Zooplanct\u00f3nica en el Golfo de Arauco Durante el Per\u00edodo Comprendido entre Oto\u00f1o &#8211; Primavera 2016 y su Relaci\u00f3n con Eventos de Surgencia. Congreso de Ciencias del Mar, 2017 \u2013 Valpara\u00edso, Chile.<\/p>\n<p><strong>Abril, 2017<\/strong><\/p>\n<p>Placencia, J., Llanos, G., <strong>Contreras, S.<\/strong> Organic carbon sources across salinity gradients in Chilean Fjords: Reloncav\u00ed Fjord (~41\u00baS) and Southern Patagonian ice fields area (~48\u00baS). \u00a0EGU General Assembly, 2017 \u2013 Vienna, Austria.<\/p>\n<p><strong>Noviembre, 2016<\/strong><\/p>\n<p><strong>Contreras, S.<\/strong>, Werne, J.P., Araneda, A., Conejero, A.C. Evaluando el porcentaje e is\u00f3topos estables de carbono y nitr\u00f3geno org\u00e1nico total en sedimentos superficiales lacustres como indicadores de gradientes clim\u00e1ticos a lo largo de la costa oeste de Sudam\u00e9rica. I Congreso Iberoamericano de Limnolog\u00eda y XIII Congreso de la Sociedad de Limnolog\u00eda 2016 \u2013 Valdivia, Chile.<\/p>\n<p>Bustamante-Ortega, R.,<strong> Contreras, S.<\/strong>, Pino, Yazmin. Cuantificando del aporte terr\u00edgeno al Lago Lanalhue, Regi\u00f3n del Biob\u00edo-Chile, mediante el uso de indicadores org\u00e1nicos e inorg\u00e1nicos. I Congreso Iberoamericano de Limnolog\u00eda y XIII Congreso de la Sociedad de Limnolog\u00eda 2016 \u2013 Valdivia, Chile.<\/p>\n<p><strong>Enero, 2016<\/strong><\/p>\n<p>Pozo, K., Torres, M., Pribylova, P., Paredes, L., <strong>Contreras, S.<\/strong> Hidrocarburos Arom\u00e1ticos en sedimentos superficiales de la Bah\u00eda Concepci\u00f3n, Chile. 32\u00b0 Congreso Latinoamericano de Qu\u00edmica CLAQ 2016, Talcahuano, Chile.<\/p>\n<p><strong>Diciembre, 2015<\/strong><\/p>\n<p><strong>Contreras, S.<\/strong>, Werne, J.P., Araneda, A., Conejero, A.C. Evaluating carbon isotope signature of bulk organic matter and plant wax derived n-alkanes from lacustrine sediments as climate proxies along the western side of the Andes. American Geophysical Union Fall Meeting 2015 \u2013 San Francisco, California, USA.<\/p>\n<p><strong>Diciembre, 2014<\/strong><\/p>\n<p><strong>Contreras, S.<\/strong>, Werne, J.P., Brown, E.T., Halbur J., R., Sinninghe Damst\u00e9, J., Schouten, S., Correa-Metrio, A., Fawcett, P.J. Evaluating spatial heterogeneity and environmental variability inferred from branched glycerol dialkyl glycerol tetraethers (GDGTs) distribution in soils from Valles Caldera, New Mexico. American Geophysical Union Fall Meeting 2014 \u2013 San Francisco, California, USA.<\/p>\n<p><strong>Diciembre, 2012<\/strong><\/p>\n<p><strong>Contreras, S.<\/strong>, Werne, J.P., Brown, E.T., Scott Anderson, R., Fawcett, P.J. Tracking millennial-scale climate variability through the Marine Isotope Stage (MIS) 12 using terrigenous biomarkers in lacustrine sediments from Valles Caldera, New Mexico, USA. American Geophysical Union Fall Meeting 2012 \u2013 San Francisco, California, USA.<\/p>\n<p>Werne, J.P., Halbur, J., <strong>Contreras, S.<\/strong>, Caballero, M., Lozano, S., Correa, A., Fawcett, P.J. Complexities in the use of branched GDGT based temperature reconstruction: Case studies from the southwest USA and Mexico. American Geophysical Union Fall Meeting 2012 \u2013 San Francisco, California, USA.<\/p>\n<p><strong>Noviembre, 2012<\/strong><\/p>\n<p>Werne, J.P., Johnson, T.C., Abbott, A., Berke,\u00a0M., <strong>Contreras, S.<\/strong>, Halbur,\u00a0J., Brown, E.T., Schouten, S., Sinninghe Damste, J.S. A 1.2 MA history of temperature and hydroclimate in the Lake Malawi Basin. The Geological Society of America (GSA) Annual Meeting and Exposition 2012 \u2013 Charlotte, North Carolina, USA.<\/p>\n<p><strong>Aogosto, 2012<\/strong><\/p>\n<p><strong>Contreras, S.<\/strong>, Werne, J.P., Brown, E.T., Scott Anderson, R., Fawcett, P.J. Tracking millennial-scale climate variability through the Marine Isotope Stage (MIS) 12 using terrigenous biomarkers in lacustrine sediments from Valles Caldera, New Mexico, USA. Gordon Research Conferences in Organic Geochemistry \u2013 Holderness, New Hampshire, USA.<\/p>\n<p><strong>Diciembre, 2011<\/strong><\/p>\n<p><strong>Contreras, S.<\/strong>, Werne, J.P., Brown, E.T., Scott Anderson, R., Fawcett, P.J. Climate variability during the Marine Isotope Stage (MIS) 12-11 transition recorded in lacustrine sediments from Valles Caldera, New Mexico, USA. American Geophysical Union Fall Meeting 2011 \u2013 San Francisco, California, USA.<\/p>\n<p>Fawcett, P.J., Brown, E.T., Werne, J.P., <strong>Contreras, S.<\/strong>, Scott Anderson, R., Dodd, J.P., Sharp, Z.D., Heikoop, J.M., Allen, C.D. Millennial-scale climate variability during a mid-Pleistocene glacial (MIS 12) from a terrestrial record in the Valles Caldera, New Mexico. American Geophysical Union Fall Meeting 2011 \u2013 San Francisco, California, USA.<\/p>\n<p><strong>Agosto, 2011<\/strong><\/p>\n<p>Meister, P., <strong>Contreras, S.<\/strong>, Liu, B., Khalili, A., Ferdelman, T.G., Kuypers, M., J\u00f8rgensen, B.B. Dynamic subsurface biosphere fuelled by organic matter from the past. Goldschmidt Conference 2011 \u2013 \u201cEarth, life and fire\u201d, Prague, Czech Republic<\/p>\n<p><strong>Diciembre, 2010<\/strong><\/p>\n<p>Kalvelage, T., <strong>Contreras, S.<\/strong>, Paulmier, A., LaRoche, J., Stramma, L., Frank, M., Lavik, G., Kuypers, M.M.M. Extent and oxygen control of pelagic nutrient removal in the OMZ off Peru. American Geophysical Union Fall Meeting 2010 \u2013 San Francisco, California, USA.<\/p>\n<p><strong>Junio, 2009<\/strong><\/p>\n<p>Rinc\u00f3n-Martinez, D., <strong>Contreras, S.<\/strong>, Lamy, F., Tiedemann, R. Are glacials (interglacial) in the easternmost Pacific Ocean drier (wetter) during the last 300 000 years? Goldschmidt Conference 2009 \u2013 \u201cChallenges to Our volatile Planet\u201d, Davos, Switzerland.<\/p>\n<p><strong>Mayo, 2004<\/strong><\/p>\n<p>Sep\u00falveda, J., Pantoja, S., Hughen, K., Lange, C., Gonzalez, F., Mu\u00f1oz, P., Rebolledo, L., Castro, R., <strong>Contreras, S.<\/strong>,\u00a0Avila, A., Rossel, P., Lorca, G., Salamanca, M. and Silva, N. 2005. Export productivity over the last century from sediments of Canal Puyuhuapi (44\u00b0S). XXI National meeting of Marine Sciences, University of Valpara\u00edso, Valpara\u00edso, Chile.<\/p>\n<p><strong>Mayo, 2001<\/strong><\/p>\n<p>Ahumada R.,\u00a0Rudolph, A. &amp;\u00a0<strong>Contreras, S.<\/strong>\u00a0Heavy metals content (Zn, Co, Ni, Ba, Cr, V, Cu, Sr, Pb and Cd) in the Magallanes Strait, Chile\u201d. XXI National meeting of Marine Sciences, University of Valpara\u00edso, Valpara\u00edso, Chile.<\/p>\n<p><strong>Octubre, 2000<\/strong><\/p>\n<p>Gay Mitchelson-Jacob &amp; <strong>Sergio Contreras Quintana<\/strong> \u201cOptical variability in Concepci\u00f3n Bay, Chile. From <em>in situ<\/em> and satellite measurements\u201d. Oceans from Space, Venice 2000, Venice, Italy.<\/p>\n<p><strong>Octubre, 1998<\/strong><\/p>\n<p>Ahumada R., Rudolph, A.,\u00a0P\u00e9rez,\u00a0C.\u00a0&amp; <strong>Contreras, S. <\/strong>\u201cMethodological aspects to evaluate the impact produced by the sewage of organic matter in to a body water\u201d. IV Meeting of analytical and environmental chemistry, Cat\u00f3lica del Norte University, Antofagasta, Chile.<\/p>\n<p><strong>Mayo, 1998<\/strong><\/p>\n<p>Ahumada R. &amp;\u00a0<strong>Contreras, S.<\/strong> 1998. \u201cTrace metal contents (Zn, Co, Ni, Ba, Cr, V, Cu, Sr, Pb and Cd) in the fjord\u2019s region from Campos de Hielo Sur\u201d. XVIII National meeting of Marine Sciences, Arturo Prat University, Iquique, Chile.<\/p>\n<p><strong>Mayo, 1997<\/strong><\/p>\n<p>Ahumada R. &amp; <strong>Contreras, S.<\/strong> 1997. \u201cHypothesis over the source of cadmium content in two Bays from central Chile\u201d. XVII National meeting of Marine Sciences, University of Chile, Santiago, Chile.<\/p>\n<p><strong>Mayo, 1996<\/strong><\/p>\n<p><strong>Contreras, S.,<\/strong> J. A. Gallardo; C. Hern\u00e1ndez &amp; J. M. Cancino. 1996. \u201cStudy of the macroinfauna in the sandy beach from Lenga, San Vicente Bay (Region VIII)\u201d. XVI National meeting of Marine Sciences, University of Concepci\u00f3n, Concepci\u00f3n, Chile.[\/vc_column_text][\/vc_column][\/vc_row][vc_row css=&#8221;.vc_custom_1411628488643{margin-top: 15px !important;}&#8221;][vc_column][vc_custom_heading text=&#8221;Talks&#8221; google_fonts=&#8221;font_family:Raleway%3A100%2C200%2C300%2Cregular%2C500%2C600%2C700%2C800%2C900|font_style:400%20regular%3A400%3Anormal&#8221; css=&#8221;.vc_custom_1525758637765{margin-bottom: 20px !important;}&#8221;][vc_column_text]<span style=\"font-size: 11pt;\"><strong><span lang=\"EN-US\" style=\"margin: 0px; font-family: 'Calibri',sans-serif;\"><span style=\"color: #000000;\">Agosto, 2017<\/span><\/span><\/strong><\/span><\/p>\n<p><span lang=\"EN-US\" style=\"margin: 0px; font-family: 'Calibri',sans-serif; font-size: 11pt;\"><span style=\"color: #000000;\">\u201cConstraining the hydroclimate gradient in Southern South America using molecular isotopic proxies\u201d Invited talk (Geoseminar) at Alfred Wegener Institute for Polar and Marine Research, Bremerhaven, Germany. <\/span><\/span><\/p>\n<p><strong><span style=\"margin: 0px; font-family: 'Calibri',sans-serif; font-size: 11pt;\"><span style=\"color: #000000;\">Noviembre<\/span><\/span><span lang=\"ES\" style=\"margin: 0px; font-family: 'Calibri',sans-serif; font-size: 11pt;\"><span style=\"color: #000000;\">, 2016<\/span><\/span><\/strong><\/p>\n<p><span lang=\"ES\" style=\"margin: 0px; font-family: 'Calibri',sans-serif; font-size: 11pt;\"><span style=\"color: #000000;\">\u201cEvaluando el porcentaje e is\u00f3topos estables de carbono y nitr\u00f3geno org\u00e1nico total en sedimentos superficiales lacustres como indicadores de gradientes clim\u00e1ticos a lo largo de la costa oeste de Sudam\u00e9rica\u201d. 1er Congreso Iberoamericano de Limnolog\u00eda. XIII Congreso de la Sociedad de Limnolog\u00eda. Universidad Austral, Chile.<\/span><\/span><\/p>\n<p><span lang=\"ES\" style=\"margin: 0px; font-family: 'Calibri',sans-serif; font-size: 11pt;\"><strong><span style=\"color: #000000;\">Abril, 2016<\/span><\/strong><\/span><\/p>\n<p><span lang=\"ES\" style=\"margin: 0px; font-family: 'Calibri',sans-serif; font-size: 11pt;\"> <span style=\"color: #000000;\">Charla inagural \u201cCambio clim\u00e1tico y la importancia de su estudio en el pasado\u201d. Ingenier\u00eda en Prevenci\u00f3n de riesgos, calidad y ambiente. Universidad Tecnol\u00f3gica de Chile Instituto Profesional Centro de Formaci\u00f3n T\u00e9cnica (INACAP), Talcahuano, Chile.<\/span><\/span><\/p>\n<p><span lang=\"ES\" style=\"margin: 0px; font-family: 'Calibri',sans-serif; font-size: 11pt;\"><strong><span style=\"color: #000000;\">Septiembre, 2015<\/span><\/strong><\/span><\/p>\n<p><span lang=\"ES\" style=\"margin: 0px; font-family: 'Calibri',sans-serif; font-size: 11pt;\"> <span style=\"color: #000000;\">Invited presentation \u201cCambio clim\u00e1tico y su estudio en el pasado\u201d as part of the Seminar \u201cCambio clim\u00e1tico y sus consecuencias \u00bfEstamos preparados\u201d, Campus Ca\u00f1ete, Universidad Cat\u00f3lica de la Sant\u00edsima Concepci\u00f3n.<\/span><\/span><\/p>\n<p><span style=\"margin: 0px; font-family: 'Calibri',sans-serif; font-size: 11pt;\"><strong><span style=\"color: #000000;\">Abril 2014<\/span><\/strong><\/span><\/p>\n<p><span style=\"margin: 0px; font-family: 'Calibri',sans-serif; font-size: 11pt;\"> <span style=\"color: #000000;\">\u201cRegistrando el gradiente hidro-clim\u00e1tico del sur de Sudam\u00e9rica a trav\u00e9s de proxies geoqu\u00edmicos lacustres\u201d proyecto de inserci\u00f3n a la Academia. Facultad de Ciencias. Universidad Cat\u00f3lica de la Sant\u00edsima Concepci\u00f3n.<\/span><\/span><\/p>\n<p><span style=\"font-size: 11pt;\"><strong><span style=\"margin: 0px; font-family: 'Calibri',sans-serif;\"><span style=\"color: #000000;\">Enero, 2014<\/span><\/span><\/strong><\/span><\/p>\n<p><span style=\"margin: 0px; font-family: 'Calibri',sans-serif; font-size: 11pt;\"><span style=\"color: #000000;\">A Monthly Scientific Seminar Series by Postdocs for Postdocs. <\/span><\/span><span lang=\"EN-US\" style=\"margin: 0px; font-family: 'Calibri',sans-serif; font-size: 11pt;\"><span style=\"color: #000000;\">University<\/span><\/span><span lang=\"EN-US\" style=\"margin: 0px; font-family: 'Calibri',sans-serif; font-size: 11pt;\"><span style=\"color: #000000;\"> of Pittsburgh, Pittsburgh, USA.<\/span><span style=\"color: #000000;\">\u00a0 <\/span><span style=\"color: #000000;\">\u201cConstraining the Hydroclimate variability in Southern South America through lacustrine geochemical proxies.<\/span><\/span><\/p>\n<p><span style=\"font-size: 11pt;\"><strong><span lang=\"EN-US\" style=\"margin: 0px; font-family: 'Calibri',sans-serif;\"><span style=\"color: #000000;\">Septiembre, 2013<\/span><\/span><\/strong><\/span><\/p>\n<p><span lang=\"EN-US\" style=\"margin: 0px; font-family: 'Calibri',sans-serif; font-size: 11pt;\"><span style=\"color: #000000;\">Department of Geology and Planetary Science, Colloquium Series Fall 2013, University of Pittsburgh, Pittsburgh, USA. \u201cReconstructing climate variability and vegetation changes during Pleistocene Interglacial transitions from Southwestern North America: Valles Caldera sedimentary record\u201d<\/span><\/span><\/p>\n<p><span style=\"font-size: 11pt;\"><strong><span lang=\"EN-US\" style=\"margin: 0px; font-family: 'Calibri',sans-serif;\"><span style=\"color: #000000;\">Junio, 2012<\/span><\/span><\/strong><\/span><\/p>\n<p><span lang=\"EN-US\" style=\"margin: 0px; font-family: 'Calibri',sans-serif; font-size: 11pt;\"><span style=\"color: #000000;\">Invited presentation as part of the Institutional Seminars. <\/span><\/span><span style=\"margin: 0px; font-family: 'Calibri',sans-serif; font-size: 11pt;\"><span style=\"color: #000000;\">Instituto de Ciencias del mar y Limnolog\u00eda, Universidad Aut\u00f3noma de M\u00e9xico, M\u00e9xico. \u201cRegistro sedimentario de Valles Caldera, Nuevo M\u00e9xico: Una ventana para estudiar el cambio clim\u00e1tico global\u201d<\/span><\/span><\/p>\n<p><span style=\"font-size: 11pt;\"><strong><span lang=\"EN-US\" style=\"margin: 0px; font-family: 'Calibri',sans-serif;\"><span style=\"color: #000000;\">Febrero, 2011<\/span><\/span><\/strong><\/span><\/p>\n<p><span lang=\"EN-US\" style=\"margin: 0px; font-family: 'Calibri',sans-serif; font-size: 11pt;\"> <span style=\"color: #000000;\">Department of Geological Sciences Seminar, University of Minnesota-Duluth, Duluth, USA. \u201cPaleo-signals of a dynamic deep-biosphere: tracing geochemical imprints in the Peruvian continental shelf sub-seafloor\u201d<\/span><\/span><\/p>\n<p><span style=\"font-size: 11pt;\"><strong><span lang=\"EN-US\" style=\"margin: 0px; font-family: 'Calibri',sans-serif;\"><span style=\"color: #000000;\">Septiembre, 2010<\/span><\/span><\/strong><\/span><\/p>\n<p><span lang=\"EN-US\" style=\"margin: 0px; font-family: 'Calibri',sans-serif; font-size: 11pt;\"> <span style=\"color: #000000;\">Invited presentation as part of the Meereswissenschaftliches Kolloquium at the Leibniz Institute of Marine Sciences, IFM-GEOMAR, Kiel, Germany. \u201cDoes anammox shift the oceanic nitrogen budget to the homeostasis?\u201d <\/span><\/span><\/p>\n<p><span lang=\"EN-US\" style=\"margin: 0px; font-family: 'Calibri',sans-serif; font-size: 11pt;\"><strong><span style=\"color: #000000;\">Mayo, 2010<\/span><\/strong><\/span><\/p>\n<p><span lang=\"EN-US\" style=\"margin: 0px; font-family: 'Calibri',sans-serif; font-size: 11pt;\"><span style=\"color: #000000;\">Invited presentation to the Chemical Oceanography and Biogeochemistry Seminar series. Earth, Atmospheric &amp; Planetary Sciences. Massachusetts Institute of Technology Cambridge, USA. \u201cNitrogen isotope signature of anammox\u201d.<\/span><\/span><\/p>\n<p><span style=\"font-size: 11pt;\"><strong><span lang=\"EN-US\" style=\"margin: 0px; font-family: 'Calibri',sans-serif;\"><span style=\"color: #000000;\">Octubre, 2009<\/span><\/span><\/strong><\/span><\/p>\n<p><span lang=\"EN-US\" style=\"margin: 0px; font-family: 'Calibri',sans-serif; font-size: 11pt;\"> <span style=\"color: #000000;\">Invited presentation to in the seminars of the Center for Geomicrobiology at the University of Aarhus, Denmark. \u201cPaleoceanographic tools to trace deep sub-surface biogeochemistry\u201d<\/span><\/span><\/p>\n<p><span lang=\"EN-US\" style=\"margin: 0px; font-family: 'Calibri',sans-serif; font-size: 11pt;\"><strong><span style=\"color: #000000;\">Septiembre, 2009<\/span><\/strong><\/span><\/p>\n<p><span lang=\"EN-US\" style=\"margin: 0px; font-family: 'Calibri',sans-serif; font-size: 11pt;\"> <span style=\"color: #000000;\">International Meeting on Organic Geochemistry (IMOG), Bremen, Germany. \u201cA rainy northern Atacama Desert during the last interglacial\u201d. <\/span><\/span><\/p>\n<p><span style=\"font-size: 11pt;\"><strong><span lang=\"EN-US\" style=\"margin: 0px; font-family: 'Calibri',sans-serif;\"><span style=\"color: #000000;\">Noviembre, 2008<\/span><\/span><\/strong><\/span><\/p>\n<p><span lang=\"EN-US\" style=\"margin: 0px; font-family: 'Calibri',sans-serif; font-size: 11pt;\"><span style=\"color: #000000;\">EPICA 2008 Open Science Conference, Venice, Italy. \u201cA rainy northern Atacama desert due to ~10,000 years of El Ni\u00f1o-like conditions during the last interglacial\u201d<\/span><\/span><\/p>\n<p><span style=\"font-size: 11pt;\"><strong><span lang=\"EN-US\" style=\"margin: 0px; font-family: 'Calibri',sans-serif;\"><span style=\"color: #000000;\">Septiembre, 2008<\/span><\/span><\/strong><\/span><\/p>\n<p><span lang=\"EN-US\" style=\"margin: 0px; font-family: 'Calibri',sans-serif; font-size: 11pt;\"> <span style=\"color: #000000;\">ECORD Summer School on \u201cThe Deep Sub-seafloor Biosphere\u201d, Bremen, Germany. \u201cTracking past oceanographic changes during the last interglacial off Peru margin\u201d.<\/span><\/span><\/p>\n<p><span lang=\"EN-US\" style=\"margin: 0px; font-family: 'Calibri',sans-serif; font-size: 11pt;\"><strong><span style=\"color: #000000;\">Junio, 2008<\/span><\/strong><span style=\"color: #000000;\">\u00a0<\/span><\/span><\/p>\n<p><span lang=\"EN-US\" style=\"margin: 0px; font-family: 'Calibri',sans-serif; font-size: 11pt;\"><span style=\"color: #000000;\">Invited presentation to the Geosciences Division Seminars at the Alfred Wegener Institute for Polar and Marine Research. Bremerhaven, Germany. \u201cPast oceanographic conditions from marine sediments using specific biomarkers and relationships with deep sub-surface biogeochemistry\u201d<\/span><\/span>[\/vc_column_text][\/vc_column][\/vc_row]<\/p>\n","protected":false},"excerpt":{"rendered":"<p>[vc_row css=&#8221;.vc_custom_1411628498538{margin-top: 15px !important;}&#8221;][vc_column][vc_custom_heading text=&#8221;Congresses &#8221; google_fonts=&#8221;font_family:Raleway%3A100%2C200%2C300%2Cregular%2C500%2C600%2C700%2C800%2C900|font_style:400%20regular%3A400%3Anormal&#8221; css=&#8221;.vc_custom_1525758611098{margin-bottom: 20px !important;}&#8221;][vc_column_text]Agosto, 2017 Contreras, S., Werne, J.P., Araneda, A. Distribution of plant wax derived n- alkanes and alkanoic acids from lacustrine sediments and climatology along the western side of the Andes. Goldschmidt, 2017 \u2013 Par\u00eds, Francia. Mayo, 2017 Fuentes, C., Esguerra, D., Contreras, S., Pozo, K., Moscoso,&hellip;<\/p>\n","protected":false},"author":1,"featured_media":0,"parent":0,"menu_order":0,"comment_status":"open","ping_status":"open","template":"","meta":[],"_links":{"self":[{"href":"https:\/\/www.labensci.com\/en\/wp-json\/wp\/v2\/pages\/4176"}],"collection":[{"href":"https:\/\/www.labensci.com\/en\/wp-json\/wp\/v2\/pages"}],"about":[{"href":"https:\/\/www.labensci.com\/en\/wp-json\/wp\/v2\/types\/page"}],"author":[{"embeddable":true,"href":"https:\/\/www.labensci.com\/en\/wp-json\/wp\/v2\/users\/1"}],"replies":[{"embeddable":true,"href":"https:\/\/www.labensci.com\/en\/wp-json\/wp\/v2\/comments?post=4176"}],"version-history":[{"count":3,"href":"https:\/\/www.labensci.com\/en\/wp-json\/wp\/v2\/pages\/4176\/revisions"}],"predecessor-version":[{"id":4182,"href":"https:\/\/www.labensci.com\/en\/wp-json\/wp\/v2\/pages\/4176\/revisions\/4182"}],"wp:attachment":[{"href":"https:\/\/www.labensci.com\/en\/wp-json\/wp\/v2\/media?parent=4176"}],"curies":[{"name":"wp","href":"https:\/\/api.w.org\/{rel}","templated":true}]}}