{"id":4179,"date":"2017-02-16T17:52:35","date_gmt":"2017-02-16T20:52:35","guid":{"rendered":"http:\/\/www.labensci.com\/proyectos\/"},"modified":"2021-08-08T20:04:08","modified_gmt":"2021-08-09T00:04:08","slug":"projects","status":"publish","type":"page","link":"https:\/\/www.labensci.com\/en\/projects\/","title":{"rendered":"Projects"},"content":{"rendered":"<p>[vc_row][vc_column][vc_custom_heading text=&#8221;Projects in execution&#8221; google_fonts=&#8221;font_family:Raleway%3A100%2C200%2C300%2Cregular%2C500%2C600%2C700%2C800%2C900|font_style:400%20regular%3A400%3Anormal&#8221;][vc_column_text]<\/p>\n<p class=\"x_MsoNormal\"><span lang=\"ES\">2021 \u2013 2023.\u00a0<\/span><span lang=\"PT-BR\">\u201cPaleo-LINCGLOBAL: la dimensi\u00f3n temporal del Antropoceno y los impactos del Cambio Global en lagos en Iberoam\u00e9rica\u201d. Proyecto de Cooperaci\u00f3n Cient\u00edfica Iberoamericana.\u00a0<strong>Consejo Superior de Investigaciones Cient\u00edficas del Ministerio de Ciencia e Innovaci\u00f3n Espa\u00f1ola<\/strong>\u00a0INCGLO0029.\u00a0Investigador Principal.<\/span><\/p>\n<p>2020 \u2013 2022 \u201cApplicability of bacterial membrane lipids as temperature and pH proxies in continental settings\u201d Proyecto de Intercambio Francia-Chile. Programa de Cooperaci\u00f3n Cient\u00edfica\u00a0<strong>ECOS-ANID<\/strong>\u00a0(N\u00b0190011). Investigador Principal.<\/p>\n<p>2020 \u2013 2022 \u201cDetermining the sensitivity of lake sediment proxies to late Holocene climate variability: a test from a longitudinal study in Northern Patagonia across the Andes\u201d\u00a0<strong>FONDECYT REGULAR<\/strong>\u00a0(N\u00b0 1201277).\u00a0 Co-Investigador.<\/p>\n<p>2019 \u2013 2021 \u201cAssessing a regional hydroclimate signal from southern South America for the last two millennia through a suite of lake sediment biogeochemical records\u201d\u00a0<strong>FONDECYT\u00a0REGULAR<\/strong>\u00a0(N\u00b0 1190398). Investigador principal.<\/p>\n<p>2019 \u2013 2021 \u201cThe impact of wildfire severity on soil pyrogenic carbon across contrasting fire-prone ecosystems in central Chile: Temporal dynamics and related-effects on soil properties.\u201d\u00a0<strong>FONDECYT\u00a0REGULAR<\/strong>\u00a0(N\u00b0 1191905). Co-Investigador.<\/p>\n<p>2018 \u2013 2020 As a sponsoring researcher (principal investigator, Dr. Facundo Barrera): \u201cHydroclimatic influence on estuarine-land interactions in northern Chilean Patagonia (Reloncav\u00ed fjord): Impacts on organic matter, sustainable resources, and human health\u201d <strong>FONDECYT<\/strong> <strong>Post-Doctorado<\/strong> 3180307.<\/p>\n<p>2016 \u2013 2018 \u201cConstraining the hydroclimate gradient in Southern South America using molecular isotopic proxies\u201d <strong>FONDECYT REGULAR<\/strong> (N\u00b0 1160719). Investigador Principal.<\/p>\n<p>2016 \u2013 2018 \u201cPersistent Organic Pollutants (POPs) and emergent compounds (EC) in the marine food web of Central Chile: What is the influence of emergent pollutants such as Microplastics?\u201d <strong>FONDECYT REGULAR<\/strong> (N\u00b0 1161673). Co-Investigador.<\/p>\n<p>2017 \u2013 2018\u00a0<strong>Proyecto CIBAS <\/strong>Disentangle trophic levels in a glacial Chilean Patagonian fjord (Channel Martinez), combining fatty acids and stable isotope analysis of key organisms living in a remote estuarine ecosystem.<\/p>\n<p>[\/vc_column_text][\/vc_column][\/vc_row][vc_row][vc_column][vc_custom_heading text=&#8221;Finished projects&#8221; google_fonts=&#8221;font_family:Raleway%3A100%2C200%2C300%2Cregular%2C500%2C600%2C700%2C800%2C900|font_style:400%20regular%3A400%3Anormal&#8221;][\/vc_column][\/vc_row][vc_row][vc_column][vc_column_text]2016-2017. \u201cObtenci\u00f3n y caracterizaci\u00f3n Sedimentol\u00f3gica y Geoqu\u00edmica de un N\u00facleo de Sedimento del Lago Lanalhue\u201d <strong>Asistencia T\u00e9cnica<\/strong>, Bioforest y Celulosa Arauco.<\/p>\n<p>2015-2016. \u201cConstraining the hydroclimate gradient in Southern South America using molecular isotopic proxies\u201d. <strong>UCSC-IPFE<\/strong> (N\u00b001\/2015). Investigador Principal.<\/p>\n<p>2014-2016. \u201cRestringiendo la variabilidad hidroclim\u00e1tica del sur de Sudam\u00e9rica a trav\u00e9s de proxies geoqu\u00edmicos lacustres\u201d. <strong>CONICYT-Programa de Atracci\u00f3n e Inserci\u00f3n de Capital Humano Avanzado (PAI) <\/strong>(N\u00b0 79130036). Investigador Principal.<\/p>\n<p>2014-2015. \u201cDynamic of air-water and sediment-water exchange of Persistent Organic Pollutants (POPs): What is the role of Concepci\u00f3n Bay in the local and regional distribution of POPs in Central Chile?\u201d. <strong>CONICYT\/FONDECYT <\/strong>(N\u00b0 1130329). Co-Investigador.<\/p>\n<p>2014-2015. \u201cDownslope Andean winds in Southern-Central Chile\u201d. <strong>CONICYT\/FONDECYT <\/strong>(N\u00b0 1131092). Investigador Colaborador.<\/p>\n<p>2014-2015. \u201cEnvironmental changes in Chilean Patagonia caused by historical fires generated during the 20th Century settlement: evaluating lacustrine ecosystems resilience\u201d. <strong>CONICYT\/FONDECYT <\/strong>(N\u00b0 1120765). Investigador Colaborador.<\/p>\n<p>2014-2015. \u201cPesticidas Organoclorados presentes en sedimentos superficiales de un sistema de fiordos: el aporte de los glaciales de campos de hielo norte y sur, Patagonia, Chile\u201d. <strong>CIMAR 20 Fiordos<\/strong> (N\u00b0 CONA C20F 14-04). Investigador Colaborador.<\/p>\n<p>2014-2015. \u201cDistribuci\u00f3n de Pesticidas Organoclorados (POC\u2019s) presentes en agua y material particulado-suspendido (MPS) en el continuo fiordo-mar interior-oc\u00e9ano, desde el estero de Reloncav\u00ed a la Boca del Guafo (39,5\u00b0S-44\u00b0S)\u201d. <strong>CIMAR 19 Fiordos<\/strong> (N\u00b0 CONA C19F 13-08). Investigador Colaborador.<\/p>\n<p>2012-2013. \u201cConstraining the latitudinal variability in southern South American hydroclimate through lacustrine geochemical proxies\u201d. <strong>Seed grant,<\/strong> Global Programs and Strategy Alliance, University of Minnesota, USA. Co-Investigador.<\/p>\n<p>2011-2012. \u201cA high-resolution middle Pleistocene paleoclimate record from the Valles Caldera, New Mexico\u201d.<strong>NSF<\/strong> (N\u00ba 0902888). Investigador Asociado.<\/p>\n<p>2009-2010. \u201cDetermination of nitrogen cycling in oxygen minimum zone waters from the eastern tropical Pacific\u201d combining water column oceanographic data and nitrogen isotope paring incubation experiments\u201d as a Research associate at the <strong>Max Planck Society<\/strong>.<\/p>\n<p>2009-2010. \u201cDetermine the nitrogen isotope signature for anammox bacteria and its implications on the nitrogen isotope budget calculations\u201d using anammox enrichment cultures and nitrogen isotope measurements in dissolved nitrogen compounds\u201d as a Research associate at the <strong>Max Planck Society<\/strong>. <a href=\"http:\/\/www.mpi-bremen.de\/en\/The_Role_of_Anammox_for_the_Oceanic_Loss_of_Nutrient_Nitrogen.html\">http:\/\/www.mpi-bremen.de\/en\/The_Role_of_Anammox_for_the_Oceanic_Loss_of_Nutrient_Nitrogen.html<\/a><\/p>\n<p>2009-2010. \u201cPast oceanographic conditions off Peru margin from marine sediments (Site ODP 1229) and its relationship with deep sub-surface biogeochemistry\u201d combining X-Ray-Fluorescence (XRF) core scanner, lipid biomarkers, and bulk and compound specific carbon isotope analyses\u201d as a Post-doctorate fellow at the <strong>Max Planck Society<\/strong>.<\/p>\n<p>2009-2010. \u201cModelling the depth of the Sulfate-Methane Transition Zone (SMTZ) in a dynamic deep biosphere\u201d as a Post-doctorate fellow at the <strong>Max Planck Society.<\/strong><\/p>\n<p>2009-2010. \u201cOrganic matter characterization \u2013 what is the origin and composition of the organic matter and what is driving the different organic carbon mineralization rates in Svalbard fjords\u201d as a Post-doctorate fellow at the <strong>Max Planck Society<\/strong>.<\/p>\n<p>2008-2009. \u201cResolving terrigenous imprint and climate in the eastern equatorial Pacific (ODP Site 1239) during the last 300.000 kyr\u201d as a Post-doctorate fellow at the <strong>Max Planck Society<\/strong> together with the <strong>Alfred Wegener Institute<\/strong>.[\/vc_column_text][\/vc_column][\/vc_row]<\/p>\n","protected":false},"excerpt":{"rendered":"<p>[vc_row][vc_column][vc_custom_heading text=&#8221;Projects in execution&#8221; google_fonts=&#8221;font_family:Raleway%3A100%2C200%2C300%2Cregular%2C500%2C600%2C700%2C800%2C900|font_style:400%20regular%3A400%3Anormal&#8221;][vc_column_text] 2021 \u2013 2023.\u00a0\u201cPaleo-LINCGLOBAL: la dimensi\u00f3n temporal del Antropoceno y los impactos del Cambio Global en lagos en Iberoam\u00e9rica\u201d. Proyecto de Cooperaci\u00f3n Cient\u00edfica Iberoamericana.\u00a0Consejo Superior de Investigaciones Cient\u00edficas del Ministerio de Ciencia e Innovaci\u00f3n Espa\u00f1ola\u00a0INCGLO0029.\u00a0Investigador Principal. 2020 \u2013 2022 \u201cApplicability of bacterial membrane lipids as temperature and pH proxies in continental&hellip;<\/p>\n","protected":false},"author":1,"featured_media":0,"parent":0,"menu_order":0,"comment_status":"closed","ping_status":"closed","template":"","meta":[],"_links":{"self":[{"href":"https:\/\/www.labensci.com\/en\/wp-json\/wp\/v2\/pages\/4179"}],"collection":[{"href":"https:\/\/www.labensci.com\/en\/wp-json\/wp\/v2\/pages"}],"about":[{"href":"https:\/\/www.labensci.com\/en\/wp-json\/wp\/v2\/types\/page"}],"author":[{"embeddable":true,"href":"https:\/\/www.labensci.com\/en\/wp-json\/wp\/v2\/users\/1"}],"replies":[{"embeddable":true,"href":"https:\/\/www.labensci.com\/en\/wp-json\/wp\/v2\/comments?post=4179"}],"version-history":[{"count":4,"href":"https:\/\/www.labensci.com\/en\/wp-json\/wp\/v2\/pages\/4179\/revisions"}],"predecessor-version":[{"id":5035,"href":"https:\/\/www.labensci.com\/en\/wp-json\/wp\/v2\/pages\/4179\/revisions\/5035"}],"wp:attachment":[{"href":"https:\/\/www.labensci.com\/en\/wp-json\/wp\/v2\/media?parent=4179"}],"curies":[{"name":"wp","href":"https:\/\/api.w.org\/{rel}","templated":true}]}}